{"id":198,"date":"2021-09-30T10:30:03","date_gmt":"2021-09-30T08:30:03","guid":{"rendered":"https:\/\/stir2connect.de\/?page_id=198"},"modified":"2024-09-11T12:37:41","modified_gmt":"2024-09-11T10:37:41","slug":"news-downloads","status":"publish","type":"page","link":"https:\/\/stir2connect.de\/en\/news-downloads\/","title":{"rendered":"News &#038; Downloads"},"content":{"rendered":"<div class=\"wpb-content-wrapper\"><div data-parent=\"true\" class=\"vc_row row-container\" id=\"row-unique-0\"><div class=\"row double-top-padding triple-bottom-padding single-h-padding limit-width row-parent\"><div class=\"wpb_row row-inner\"><div class=\"wpb_column pos-top pos-center align_left column_parent col-lg-12 single-internal-gutter\"><div class=\"uncol style-light\"  ><div class=\"uncoltable\"><div class=\"uncell no-block-padding\" ><div class=\"uncont\" ><div class=\"vc_row row-internal row-container\"><div class=\"row row-child\"><div class=\"wpb_row row-inner\"><div class=\"wpb_column pos-top pos-center align_right align_left_mobile column_child col-lg-4 single-internal-gutter\"><div class=\"uncol style-light\" ><div class=\"uncoltable\"><div class=\"uncell no-block-padding\" ><div class=\"uncont\" ><div class=\"icon-box icon-box-right\" ><div class=\"icon-box-content\"><div class=\"icon-box-heading icon-box-fa-3x\"><h3 class=\"font-667290 h2\">09\/2024<\/h3><\/div><\/div><div class=\"icon-box-icon fa-container\"><span class=\"text-color-134240-color btn-disable-hover\"><i class=\"fa fa-caret-right fa-3x fa-fw\"><\/i><\/span><\/div><\/div><\/div><\/div><\/div><\/div><\/div><div class=\"wpb_column pos-top pos-center align_left column_child col-lg-8 single-internal-gutter\"><div class=\"uncol style-light\" ><div class=\"uncoltable\"><div class=\"uncell border-color-134240-color no-block-padding\" style=\"border-style: solid;\" ><div class=\"uncont\" ><div class=\"uncode_text_column text-lead\" ><p>STIR2CONNECT presents the near-series prototype \u201cRSV 16-SP\u201d at the \u201cAC\u00b2-Start+Scale\u201d trade fair. This compact system can process litz wires with a cross section up to 16 mm\u00b2.<\/p>\n<\/div><div class=\"uncode-single-media  text-left\"><div class=\"single-wrapper\" style=\"max-width: 60%;\"><div class=\"tmb tmb-light  tmb-media-first tmb-media-last tmb-content-overlay tmb-no-bg\"><div class=\"t-inside\"><div class=\"t-entry-visual\"><div class=\"t-entry-visual-tc\"><div class=\"uncode-single-media-wrapper\"><img decoding=\"async\" class=\"wp-image-815\" src=\"https:\/\/stir2connect.de\/wp-content\/uploads\/2024\/09\/P9090090_5-scaled.jpg\" width=\"1889\" height=\"2560\" alt=\"\" srcset=\"https:\/\/stir2connect.de\/wp-content\/uploads\/2024\/09\/P9090090_5-scaled.jpg 1889w, https:\/\/stir2connect.de\/wp-content\/uploads\/2024\/09\/P9090090_5-221x300.jpg 221w, https:\/\/stir2connect.de\/wp-content\/uploads\/2024\/09\/P9090090_5-755x1024.jpg 755w, https:\/\/stir2connect.de\/wp-content\/uploads\/2024\/09\/P9090090_5-768x1041.jpg 768w, https:\/\/stir2connect.de\/wp-content\/uploads\/2024\/09\/P9090090_5-1133x1536.jpg 1133w, https:\/\/stir2connect.de\/wp-content\/uploads\/2024\/09\/P9090090_5-1511x2048.jpg 1511w, https:\/\/stir2connect.de\/wp-content\/uploads\/2024\/09\/P9090090_5-9x12.jpg 9w, https:\/\/stir2connect.de\/wp-content\/uploads\/2024\/09\/P9090090_5-350x474.jpg 350w, https:\/\/stir2connect.de\/wp-content\/uploads\/2024\/09\/P9090090_5-600x813.jpg 600w\" sizes=\"(max-width: 1889px) 100vw, 1889px\" \/><\/div>\n\t\t\t\t\t<\/div>\n\t\t\t\t<\/div><\/div><\/div><\/div><\/div><\/div><\/div><\/div><\/div><\/div><\/div><\/div><\/div><div class=\"vc_row row-internal row-container\"><div class=\"row row-child\"><div class=\"wpb_row row-inner\"><div class=\"wpb_column pos-top pos-center align_right align_left_mobile column_child col-lg-4 single-internal-gutter\"><div class=\"uncol style-light\" ><div class=\"uncoltable\"><div class=\"uncell no-block-padding\" ><div class=\"uncont\" ><div class=\"icon-box icon-box-right\" ><div class=\"icon-box-content\"><div class=\"icon-box-heading icon-box-fa-3x\"><h3 class=\"font-667290 h2\">09\/2023<\/h3><\/div><\/div><div class=\"icon-box-icon fa-container\"><span class=\"text-color-134240-color btn-disable-hover\"><i class=\"fa fa-caret-right fa-3x fa-fw\"><\/i><\/span><\/div><\/div><\/div><\/div><\/div><\/div><\/div><div class=\"wpb_column pos-top pos-center align_left column_child col-lg-8 single-internal-gutter\"><div class=\"uncol style-light\" ><div class=\"uncoltable\"><div class=\"uncell border-color-134240-color no-block-padding\" style=\"border-style: solid;\" ><div class=\"uncont\" ><div class=\"uncode_text_column text-lead\" ><p>Opening of our company headquarters in Eschweiler (city region Aachen)<\/p>\n<\/div><\/div><\/div><\/div><\/div><\/div><\/div><\/div><\/div><div class=\"vc_row row-internal row-container\"><div class=\"row row-child\"><div class=\"wpb_row row-inner\"><div class=\"wpb_column pos-top pos-center align_right align_left_mobile column_child col-lg-4 single-internal-gutter\"><div class=\"uncol style-light\" ><div class=\"uncoltable\"><div class=\"uncell no-block-padding\" ><div class=\"uncont\" ><div class=\"icon-box icon-box-right\" ><div class=\"icon-box-content\"><div class=\"icon-box-heading icon-box-fa-3x\"><h3 class=\"font-667290 h2\">07\/2023<\/h3><\/div><\/div><div class=\"icon-box-icon fa-container\"><span class=\"text-color-134240-color btn-disable-hover\"><i class=\"fa fa-caret-right fa-3x fa-fw\"><\/i><\/span><\/div><\/div><\/div><\/div><\/div><\/div><\/div><div class=\"wpb_column pos-top pos-center align_left column_child col-lg-8 single-internal-gutter\"><div class=\"uncol style-light\" ><div class=\"uncoltable\"><div class=\"uncell border-color-134240-color no-block-padding\" style=\"border-style: solid;\" ><div class=\"uncont\" ><div class=\"uncode_text_column text-lead\" ><p>Contacting of the electric motor windings made of non-solderable, insulated litz wires for the competition solar vehicle of the \"Team Sonnenwagen Aachen\". STIR2CONNECT wishes good luck at the \"Bridgestone World Solar Challenge 2023\"!<\/p>\n<p>\n<\/div><\/div><\/div><\/div><\/div><\/div><\/div><\/div><\/div><div class=\"vc_row row-internal row-container\"><div class=\"row row-child\"><div class=\"wpb_row row-inner\"><div class=\"wpb_column pos-top pos-center align_right align_left_mobile column_child col-lg-4 single-internal-gutter\"><div class=\"uncol style-light\" ><div class=\"uncoltable\"><div class=\"uncell no-block-padding\" ><div class=\"uncont\" ><div class=\"icon-box icon-box-right\" ><div class=\"icon-box-content\"><div class=\"icon-box-heading icon-box-fa-3x\"><h3 class=\"font-667290 h2\">11\/2022<\/h3><\/div><\/div><div class=\"icon-box-icon fa-container\"><span class=\"text-color-134240-color btn-disable-hover\"><i class=\"fa fa-caret-right fa-3x fa-fw\"><\/i><\/span><\/div><\/div><\/div><\/div><\/div><\/div><\/div><div class=\"wpb_column pos-top pos-center align_left column_child col-lg-8 single-internal-gutter\"><div class=\"uncol style-light\" ><div class=\"uncoltable\"><div class=\"uncell border-color-134240-color no-block-padding\" style=\"border-style: solid;\" ><div class=\"uncont\" ><div class=\"uncode_text_column text-lead\" ><p>Successful contacting of a PI-banded high-frequency litz wire without prior removal of the external insulation.<\/p>\n<\/div><\/div><\/div><\/div><\/div><\/div><\/div><\/div><\/div><div class=\"vc_row row-internal row-container\"><div class=\"row row-child\"><div class=\"wpb_row row-inner\"><div class=\"wpb_column pos-top pos-center align_right align_left_mobile column_child col-lg-4 single-internal-gutter\"><div class=\"uncol style-light\" ><div class=\"uncoltable\"><div class=\"uncell no-block-padding\" ><div class=\"uncont\" ><div class=\"icon-box icon-box-right\" ><div class=\"icon-box-content\"><div class=\"icon-box-heading icon-box-fa-3x\"><h3 class=\"font-667290 h2\">08\/2022<\/h3><\/div><\/div><div class=\"icon-box-icon fa-container\"><span class=\"text-color-134240-color btn-disable-hover\"><i class=\"fa fa-caret-right fa-3x fa-fw\"><\/i><\/span><\/div><\/div><\/div><\/div><\/div><\/div><\/div><div class=\"wpb_column pos-top pos-center align_left column_child col-lg-8 single-internal-gutter\"><div class=\"uncol style-light\" ><div class=\"uncoltable\"><div class=\"uncell border-color-134240-color no-block-padding\" style=\"border-style: solid;\" ><div class=\"uncont\" ><div class=\"uncode_text_column text-lead\" ><p>Successful contacting of a transformer-choke unit on the RSV160-SP system type as part of the \"HFconnect\" development project. The pilot user, BLOCK Transformatoren-Elektronik GmbH, as a guest of the founding team.<\/p>\n<\/div><div class=\"uncode-single-media  text-left\"><div class=\"single-wrapper\" style=\"max-width: 100%;\"><div class=\"tmb tmb-light  tmb-media-first tmb-media-last tmb-content-overlay tmb-no-bg\"><div class=\"t-inside\"><div class=\"t-entry-visual\"><div class=\"t-entry-visual-tc\"><div class=\"uncode-single-media-wrapper\"><img decoding=\"async\" class=\"wp-image-753\" src=\"https:\/\/stir2connect.de\/wp-content\/uploads\/2023\/09\/Block-scaled.gif\" width=\"2560\" height=\"1951\" alt=\"\"><\/div>\n\t\t\t\t\t<\/div>\n\t\t\t\t<\/div><\/div><\/div><\/div><\/div><\/div><\/div><\/div><\/div><\/div><\/div><\/div><\/div><div class=\"empty-space empty-single\" ><span class=\"empty-space-inner\"><\/span><\/div>\n<div class=\"vc_row row-internal row-container\"><div class=\"row row-child\"><div class=\"wpb_row row-inner\"><div class=\"wpb_column pos-top pos-center align_right align_left_mobile column_child col-lg-4 single-internal-gutter\"><div class=\"uncol style-light\" ><div class=\"uncoltable\"><div class=\"uncell no-block-padding\" ><div class=\"uncont\" ><div class=\"icon-box icon-box-right\" ><div class=\"icon-box-content\"><div class=\"icon-box-heading icon-box-fa-3x\"><h3 class=\"font-667290 h2\">06\/2022<\/h3><\/div><\/div><div class=\"icon-box-icon fa-container\"><span class=\"text-color-134240-color btn-disable-hover\"><i class=\"fa fa-caret-right fa-3x fa-fw\"><\/i><\/span><\/div><\/div><\/div><\/div><\/div><\/div><\/div><div class=\"wpb_column pos-top pos-center align_left column_child col-lg-8 single-internal-gutter\"><div class=\"uncol style-light\" ><div class=\"uncoltable\"><div class=\"uncell border-color-134240-color no-block-padding\" style=\"border-style: solid;\" ><div class=\"uncont\" ><div class=\"uncode_text_column text-lead\" ><p>STIR2CONNECT is one of the 10 most promising start-up ideas in the St\u00e4dteRegion Aachen. A total of 106 start-up teams took part in the competition.<\/p>\n<\/div><div class=\"uncode-single-media  text-left\"><div class=\"single-wrapper\" style=\"max-width: 60%;\"><div class=\"tmb tmb-light  tmb-media-first tmb-media-last tmb-content-overlay tmb-no-bg\"><div class=\"t-inside\"><div class=\"t-entry-visual\"><div class=\"t-entry-visual-tc\"><div class=\"uncode-single-media-wrapper\"><img decoding=\"async\" class=\"wp-image-536\" src=\"https:\/\/stir2connect.de\/wp-content\/uploads\/2022\/08\/2206_AC2-4017.jpg\" width=\"1417\" height=\"2126\" alt=\"\" srcset=\"https:\/\/stir2connect.de\/wp-content\/uploads\/2022\/08\/2206_AC2-4017.jpg 1417w, https:\/\/stir2connect.de\/wp-content\/uploads\/2022\/08\/2206_AC2-4017-200x300.jpg 200w, https:\/\/stir2connect.de\/wp-content\/uploads\/2022\/08\/2206_AC2-4017-683x1024.jpg 683w, https:\/\/stir2connect.de\/wp-content\/uploads\/2022\/08\/2206_AC2-4017-768x1152.jpg 768w, https:\/\/stir2connect.de\/wp-content\/uploads\/2022\/08\/2206_AC2-4017-1024x1536.jpg 1024w, https:\/\/stir2connect.de\/wp-content\/uploads\/2022\/08\/2206_AC2-4017-1365x2048.jpg 1365w, https:\/\/stir2connect.de\/wp-content\/uploads\/2022\/08\/2206_AC2-4017-8x12.jpg 8w\" sizes=\"(max-width: 1417px) 100vw, 1417px\" \/><\/div>\n\t\t\t\t\t<\/div>\n\t\t\t\t<\/div><\/div><\/div><\/div><figcaption>AC\u00b2- Award Ceremony 2022<\/figcaption><\/div><\/div><\/div><\/div><\/div><\/div><\/div><\/div><\/div><div class=\"empty-space empty-single\" ><span class=\"empty-space-inner\"><\/span><\/div>\n<div class=\"vc_row row-internal row-container\"><div class=\"row row-child\"><div class=\"wpb_row row-inner\"><div class=\"wpb_column pos-top pos-center align_right align_left_mobile column_child col-lg-4 single-internal-gutter\"><div class=\"uncol style-light\" ><div class=\"uncoltable\"><div class=\"uncell no-block-padding\" ><div class=\"uncont\" ><div class=\"icon-box icon-box-right\" ><div class=\"icon-box-content\"><div class=\"icon-box-heading icon-box-fa-3x\"><h3 class=\"font-667290 h2\">05\/2022<\/h3><\/div><\/div><div class=\"icon-box-icon fa-container\"><span class=\"text-color-134240-color btn-disable-hover\"><i class=\"fa fa-caret-right fa-3x fa-fw\"><\/i><\/span><\/div><\/div><\/div><\/div><\/div><\/div><\/div><div class=\"wpb_column pos-top pos-center align_left column_child col-lg-8 single-internal-gutter\"><div class=\"uncol style-light\" ><div class=\"uncoltable\"><div class=\"uncell border-color-134240-color no-block-padding\" style=\"border-style: solid;\" ><div class=\"uncont\" ><div class=\"uncode_text_column text-lead\" ><p class=\"translation-block\">Welding of high-frequency stranded wires without\nprior removal of the banding<\/p>\n<p>In the course of the current development project \"HFconnect\", we have now succeeded in processing PETP-banded HF strands without any pre- and post-processes using RSV technology.<\/p>\n<\/div><div class=\"uncode-single-media  text-left\"><div class=\"single-wrapper\" style=\"max-width: 100%;\"><div class=\"tmb tmb-light  tmb-media-first tmb-media-last tmb-content-overlay tmb-no-bg\"><div class=\"t-inside\"><div class=\"t-entry-visual\"><div class=\"t-entry-visual-tc\"><div class=\"uncode-single-media-wrapper\"><img decoding=\"async\" class=\"wp-image-756\" src=\"https:\/\/stir2connect.de\/wp-content\/uploads\/2023\/09\/HF-Litze-mit-Bandierung-scaled.gif\" width=\"2560\" height=\"1688\" alt=\"\"><\/div>\n\t\t\t\t\t<\/div>\n\t\t\t\t<\/div><\/div><\/div><\/div><\/div><\/div><\/div><\/div><\/div><\/div><\/div><\/div><\/div><div class=\"empty-space empty-single\" ><span class=\"empty-space-inner\"><\/span><\/div>\n<div class=\"vc_row row-internal row-container\"><div class=\"row row-child\"><div class=\"wpb_row row-inner\"><div class=\"wpb_column pos-top pos-center align_right align_left_mobile column_child col-lg-4 single-internal-gutter\"><div class=\"uncol style-light\" ><div class=\"uncoltable\"><div class=\"uncell no-block-padding\" ><div class=\"uncont\" ><div class=\"icon-box icon-box-right\" ><div class=\"icon-box-content\"><div class=\"icon-box-heading icon-box-fa-3x\"><h3 class=\"font-667290 h2\">02\/2022<\/h3><\/div><\/div><div class=\"icon-box-icon fa-container\"><span class=\"text-color-134240-color btn-disable-hover\"><i class=\"fa fa-caret-right fa-3x fa-fw\"><\/i><\/span><\/div><\/div><\/div><\/div><\/div><\/div><\/div><div class=\"wpb_column pos-top pos-center align_left column_child col-lg-8 single-internal-gutter\"><div class=\"uncol style-light\" ><div class=\"uncoltable\"><div class=\"uncell border-color-134240-color no-block-padding\" style=\"border-style: solid;\" ><div class=\"uncont\" ><div class=\"uncode_text_column text-lead\" ><p>STIR2CONNECT is among the winners of phase 1 of \"AC\u00b2 - der Gr\u00fcndungswettbewerb 2021\/22\"!<\/p>\n<p><iframe title=\"AC\u00b2 - Gr\u00fcndung, Wachstum, Innovation: Zwischenpr\u00e4mierung Gr\u00fcndungswettbewerb\" width=\"840\" height=\"473\" src=\"https:\/\/www.youtube.com\/embed\/rMd0lKxuscE?start=2607&feature=oembed\" frameborder=\"0\" allow=\"accelerometer; autoplay; clipboard-write; encrypted-media; gyroscope; picture-in-picture\" allowfullscreen><\/iframe><\/p>\n<\/div><\/div><\/div><\/div><\/div><\/div><\/div><\/div><\/div><div class=\"empty-space empty-single\" ><span class=\"empty-space-inner\"><\/span><\/div>\n<div class=\"vc_row row-internal row-container\"><div class=\"row row-child\"><div class=\"wpb_row row-inner\"><div class=\"wpb_column pos-top pos-center align_right align_left_mobile column_child col-lg-4 single-internal-gutter\"><div class=\"uncol style-light\" ><div class=\"uncoltable\"><div class=\"uncell no-block-padding\" ><div class=\"uncont\" ><div class=\"icon-box icon-box-right\" ><div class=\"icon-box-content\"><div class=\"icon-box-heading icon-box-fa-3x\"><h3 class=\"font-667290 h2\">09\/2021<\/h3><\/div><\/div><div class=\"icon-box-icon fa-container\"><span class=\"text-color-134240-color btn-disable-hover\"><i class=\"fa fa-caret-right fa-3x fa-fw\"><\/i><\/span><\/div><\/div><\/div><\/div><\/div><\/div><\/div><div class=\"wpb_column pos-top pos-center align_left column_child col-lg-8 single-internal-gutter\"><div class=\"uncol style-light\" ><div class=\"uncoltable\"><div class=\"uncell border-color-134240-color no-block-padding\" style=\"border-style: solid;\" ><div class=\"uncont\" ><div class=\"uncode_text_column text-lead\" ><p>Lecture \"Novel welding system technology for simple and process-reliable contacting of high-frequency stranded wires in electrical engineering\" at the DVS Congress 2021 in Essen, Germany<\/p>\n<\/div><\/div><\/div><\/div><\/div><\/div><\/div><\/div><\/div><div class=\"empty-space empty-single\" ><span class=\"empty-space-inner\"><\/span><\/div>\n<div class=\"vc_row row-internal row-container\"><div class=\"row row-child\"><div class=\"wpb_row row-inner\"><div class=\"wpb_column pos-top pos-center align_right align_left_mobile column_child col-lg-4 single-internal-gutter\"><div class=\"uncol style-light\" ><div class=\"uncoltable\"><div class=\"uncell no-block-padding\" ><div class=\"uncont\" ><div class=\"icon-box icon-box-right\" ><div class=\"icon-box-content\"><div class=\"icon-box-heading icon-box-fa-3x\"><h3 class=\"font-667290 h2\">08\/2021<\/h3><\/div><\/div><div class=\"icon-box-icon fa-container\"><span class=\"text-color-134240-color btn-disable-hover\"><i class=\"fa fa-caret-right fa-3x fa-fw\"><\/i><\/span><\/div><\/div><\/div><\/div><\/div><\/div><\/div><div class=\"wpb_column pos-top pos-center align_left column_child col-lg-8 single-internal-gutter\"><div class=\"uncol style-light\" ><div class=\"uncoltable\"><div class=\"uncell border-color-134240-color no-block-padding\" style=\"border-style: solid;\" ><div class=\"uncont\" ><div class=\"uncode_text_column text-lead\" ><p>Thermal shock resistance demonstrated on RSV-welded HF stranded wires with polyurethane-based enamel insulation<\/p>\n<\/div><\/div><\/div><\/div><\/div><\/div><\/div><\/div><\/div><div class=\"empty-space empty-single\" ><span class=\"empty-space-inner\"><\/span><\/div>\n<div class=\"vc_row row-internal row-container\"><div class=\"row row-child\"><div class=\"wpb_row row-inner\"><div class=\"wpb_column pos-top pos-center align_right align_left_mobile column_child col-lg-4 single-internal-gutter\"><div class=\"uncol style-light\" ><div class=\"uncoltable\"><div class=\"uncell no-block-padding\" ><div class=\"uncont\" ><div class=\"icon-box icon-box-right\" ><div class=\"icon-box-content\"><div class=\"icon-box-heading icon-box-fa-3x\"><h3 class=\"font-667290 h2\">07\/2021<\/h3><\/div><\/div><div class=\"icon-box-icon fa-container\"><span class=\"text-color-134240-color btn-disable-hover\"><i class=\"fa fa-caret-right fa-3x fa-fw\"><\/i><\/span><\/div><\/div><\/div><\/div><\/div><\/div><\/div><div class=\"wpb_column pos-top pos-center align_left column_child col-lg-8 single-internal-gutter\"><div class=\"uncol style-light\" ><div class=\"uncoltable\"><div class=\"uncell border-color-134240-color no-block-padding\" style=\"border-style: solid;\" ><div class=\"uncont\" ><div class=\"uncode_text_column text-lead\" ><p>Start of investigations to record the influences of emissions and residues on the environment during welding processing of HF strands containing polyurethane<\/p>\n<\/div><\/div><\/div><\/div><\/div><\/div><\/div><\/div><\/div><div class=\"empty-space empty-single\" ><span class=\"empty-space-inner\"><\/span><\/div>\n<div class=\"vc_row row-internal row-container\"><div class=\"row row-child\"><div class=\"wpb_row row-inner\"><div class=\"wpb_column pos-top pos-center align_right align_left_mobile column_child col-lg-4 single-internal-gutter\"><div class=\"uncol style-light\" ><div class=\"uncoltable\"><div class=\"uncell no-block-padding\" ><div class=\"uncont\" ><div class=\"icon-box icon-box-right\" ><div class=\"icon-box-content\"><div class=\"icon-box-heading icon-box-fa-3x\"><h3 class=\"font-667290 h2\">06\/2021<\/h3><\/div><\/div><div class=\"icon-box-icon fa-container\"><span class=\"text-color-134240-color btn-disable-hover\"><i class=\"fa fa-caret-right fa-3x fa-fw\"><\/i><\/span><\/div><\/div><\/div><\/div><\/div><\/div><\/div><div class=\"wpb_column pos-top pos-center align_left column_child col-lg-8 single-internal-gutter\"><div class=\"uncol style-light\" ><div class=\"uncoltable\"><div class=\"uncell border-color-134240-color no-block-padding\" style=\"border-style: solid;\" ><div class=\"uncont\" ><div class=\"uncode_text_column text-lead\" ><p>Start of feasibility study for the assembly of HF stranded wires without prior removal of the banding<\/p>\n<\/div><\/div><\/div><\/div><\/div><\/div><\/div><\/div><\/div><div class=\"empty-space empty-single\" ><span class=\"empty-space-inner\"><\/span><\/div>\n<div class=\"vc_row row-internal row-container\"><div class=\"row row-child\"><div class=\"wpb_row row-inner\"><div class=\"wpb_column pos-top pos-center align_right align_left_mobile column_child col-lg-4 single-internal-gutter\"><div class=\"uncol style-light\" ><div class=\"uncoltable\"><div class=\"uncell no-block-padding\" ><div class=\"uncont\" ><div class=\"icon-box icon-box-right\" ><div class=\"icon-box-content\"><div class=\"icon-box-heading icon-box-fa-3x\"><h3 class=\"font-667290 h2\">05\/2021<\/h3><\/div><\/div><div class=\"icon-box-icon fa-container\"><span class=\"text-color-134240-color btn-disable-hover\"><i class=\"fa fa-caret-right fa-3x fa-fw\"><\/i><\/span><\/div><\/div><\/div><\/div><\/div><\/div><\/div><div class=\"wpb_column pos-top pos-center align_left column_child col-lg-8 single-internal-gutter\"><div class=\"uncol style-light\" ><div class=\"uncoltable\"><div class=\"uncell border-color-134240-color no-block-padding\" style=\"border-style: solid;\" ><div class=\"uncont\" ><div class=\"uncode_text_column text-lead\" ><p>Successful process adaptation for the processing of high-frequency stranded wires with polyurethane-based enamel insulation: assembly of first wires with excellent electrical and mechanical characteristics<\/p>\n<\/div><\/div><\/div><\/div><\/div><\/div><\/div><\/div><\/div><div class=\"empty-space empty-single\" ><span class=\"empty-space-inner\"><\/span><\/div>\n<div class=\"vc_row row-internal row-container\"><div class=\"row row-child\"><div class=\"wpb_row row-inner\"><div class=\"wpb_column pos-top pos-center align_right align_left_mobile column_child col-lg-4 single-internal-gutter\"><div class=\"uncol style-light\" ><div class=\"uncoltable\"><div class=\"uncell no-block-padding\" ><div class=\"uncont\" ><div class=\"icon-box icon-box-right\" ><div class=\"icon-box-content\"><div class=\"icon-box-heading icon-box-fa-3x\"><h3 class=\"font-667290 h2\">01\/2021<\/h3><\/div><\/div><div class=\"icon-box-icon fa-container\"><span class=\"text-color-134240-color btn-disable-hover\"><i class=\"fa fa-caret-right fa-3x fa-fw\"><\/i><\/span><\/div><\/div><\/div><\/div><\/div><\/div><\/div><div class=\"wpb_column pos-top pos-center align_left column_child col-lg-8 single-internal-gutter\"><div class=\"uncol style-light\" ><div class=\"uncoltable\"><div class=\"uncell border-color-134240-color no-block-padding\" style=\"border-style: solid;\" ><div class=\"uncont\" ><div class=\"uncode_text_column text-lead\" ><p>Start of the \"HFconnect\" project. Within the project, the RSV-Technology will be developed further for the new application \"Enamelled wires and high-frequency stranded wires\".<\/p>\n<\/div><div class=\"uncode-single-media  text-left\"><div class=\"single-wrapper\" style=\"max-width: 100%;\"><div class=\"tmb tmb-light  img-round tmb-media-first tmb-media-last tmb-content-overlay tmb-no-bg\"><div class=\"t-inside\"><div class=\"t-entry-visual\"><div class=\"t-entry-visual-tc\"><div class=\"uncode-single-media-wrapper img-round\"><img decoding=\"async\" class=\"wp-image-222\" src=\"https:\/\/stir2connect.de\/wp-content\/uploads\/2021\/09\/news-downloads-bar.jpg\" width=\"1092\" height=\"636\" alt=\"\" srcset=\"https:\/\/stir2connect.de\/wp-content\/uploads\/2021\/09\/news-downloads-bar.jpg 1092w, https:\/\/stir2connect.de\/wp-content\/uploads\/2021\/09\/news-downloads-bar-300x175.jpg 300w, https:\/\/stir2connect.de\/wp-content\/uploads\/2021\/09\/news-downloads-bar-1024x596.jpg 1024w, https:\/\/stir2connect.de\/wp-content\/uploads\/2021\/09\/news-downloads-bar-768x447.jpg 768w\" sizes=\"(max-width: 1092px) 100vw, 1092px\" \/><\/div>\n\t\t\t\t\t<\/div>\n\t\t\t\t<\/div><\/div><\/div><\/div><\/div><\/div><\/div><\/div><\/div><\/div><\/div><\/div><\/div><\/div><\/div><\/div><\/div><\/div><script id=\"script-row-unique-0\" data-row=\"script-row-unique-0\" type=\"text\/javascript\" class=\"vc_controls\">UNCODE.initRow(document.getElementById(\"row-unique-0\"));<\/script><\/div><\/div><\/div>\n<\/div>","protected":false},"excerpt":{"rendered":"09\/2024STIR2CONNECT stellt auf der Messe &#8222;AC\u00b2-Start+Scale&#8220; den seriennahen Prototypen &#8222;RSV 16-SP&#8220; vor. Mit dieser Kompaktanlage k\u00f6nnen Litzen bis zu einem [...]","protected":false},"author":1,"featured_media":0,"parent":0,"menu_order":0,"comment_status":"closed","ping_status":"closed","template":"","meta":{"footnotes":""},"class_list":["post-198","page","type-page","status-publish","hentry"],"_links":{"self":[{"href":"https:\/\/stir2connect.de\/en\/wp-json\/wp\/v2\/pages\/198","targetHints":{"allow":["GET"]}}],"collection":[{"href":"https:\/\/stir2connect.de\/en\/wp-json\/wp\/v2\/pages"}],"about":[{"href":"https:\/\/stir2connect.de\/en\/wp-json\/wp\/v2\/types\/page"}],"author":[{"embeddable":true,"href":"https:\/\/stir2connect.de\/en\/wp-json\/wp\/v2\/users\/1"}],"replies":[{"embeddable":true,"href":"https:\/\/stir2connect.de\/en\/wp-json\/wp\/v2\/comments?post=198"}],"version-history":[{"count":52,"href":"https:\/\/stir2connect.de\/en\/wp-json\/wp\/v2\/pages\/198\/revisions"}],"predecessor-version":[{"id":816,"href":"https:\/\/stir2connect.de\/en\/wp-json\/wp\/v2\/pages\/198\/revisions\/816"}],"wp:attachment":[{"href":"https:\/\/stir2connect.de\/en\/wp-json\/wp\/v2\/media?parent=198"}],"curies":[{"name":"wp","href":"https:\/\/api.w.org\/{rel}","templated":true}]}}